{"id":58,"date":"2025-03-06T20:09:03","date_gmt":"2025-03-06T20:09:03","guid":{"rendered":"https:\/\/sgs-quincaillerie.tn\/?page_id=58"},"modified":"2025-03-06T20:09:03","modified_gmt":"2025-03-06T20:09:03","slug":"cart","status":"publish","type":"page","link":"https:\/\/sgs-quincaillerie.tn\/?page_id=58","title":{"rendered":"Cart"},"content":{"rendered":"\n<div data-block-name=\"woocommerce\/cart\" class=\"wp-block-woocommerce-cart alignwide is-loading\">\n<div data-block-name=\"woocommerce\/filled-cart-block\" class=\"wp-block-woocommerce-filled-cart-block\">\n<div data-block-name=\"woocommerce\/cart-items-block\" class=\"wp-block-woocommerce-cart-items-block\">\n<div data-block-name=\"woocommerce\/cart-line-items-block\" class=\"wp-block-woocommerce-cart-line-items-block\"><\/div>\n\n\n\n<div data-block-name=\"woocommerce\/cart-cross-sells-block\" class=\"wp-block-woocommerce-cart-cross-sells-block\">\n<h2 class=\"wp-block-heading has-large-font-size\">You may be interested in\u2026<\/h2>\n\n\n\n<div data-block-name=\"woocommerce\/cart-cross-sells-products-block\" class=\"wp-block-woocommerce-cart-cross-sells-products-block\"><\/div>\n<\/div>\n<\/div>\n\n\n\n<div data-block-name=\"woocommerce\/cart-totals-block\" class=\"wp-block-woocommerce-cart-totals-block\">\n<div data-block-name=\"woocommerce\/cart-order-summary-block\" class=\"wp-block-woocommerce-cart-order-summary-block\">\n<div data-block-name=\"woocommerce\/cart-order-summary-heading-block\" class=\"wp-block-woocommerce-cart-order-summary-heading-block\"><\/div><div data-block-name=\"woocommerce\/cart-order-summary-coupon-form-block\" class=\"wp-block-woocommerce-cart-order-summary-coupon-form-block\"><\/div><div data-block-name=\"woocommerce\/cart-order-summary-totals-block\" class=\"wp-block-woocommerce-cart-order-summary-totals-block\">\n<div data-block-name=\"woocommerce\/cart-order-summary-subtotal-block\" class=\"wp-block-woocommerce-cart-order-summary-subtotal-block\"><\/div>\n<div data-block-name=\"woocommerce\/cart-order-summary-discount-block\" class=\"wp-block-woocommerce-cart-order-summary-discount-block\"><\/div>\n<div data-block-name=\"woocommerce\/cart-order-summary-fee-block\" class=\"wp-block-woocommerce-cart-order-summary-fee-block\"><\/div>\n<div data-block-name=\"woocommerce\/cart-order-summary-shipping-block\" class=\"wp-block-woocommerce-cart-order-summary-shipping-block\"><\/div>\n<div data-block-name=\"woocommerce\/cart-order-summary-taxes-block\" class=\"wp-block-woocommerce-cart-order-summary-taxes-block\"><\/div><\/div>\n<\/div>\n\n\n\n<div data-block-name=\"woocommerce\/cart-express-payment-block\" class=\"wp-block-woocommerce-cart-express-payment-block\"><\/div>\n\n\n\n<div data-block-name=\"woocommerce\/proceed-to-checkout-block\" class=\"wp-block-woocommerce-proceed-to-checkout-block\"><\/div>\n\n\n\n<div data-block-name=\"woocommerce\/cart-accepted-payment-methods-block\" class=\"wp-block-woocommerce-cart-accepted-payment-methods-block\"><\/div>\n<\/div>\n<\/div>\n\n\n\n<div data-block-name=\"woocommerce\/empty-cart-block\" class=\"wp-block-woocommerce-empty-cart-block\">\n<h2 class=\"wp-block-heading has-text-align-center with-empty-cart-icon wc-block-cart__empty-cart__title\">Your cart is currently empty!<\/h2>\n\n\n\n<hr class=\"wp-block-separator has-alpha-channel-opacity is-style-dots\"\/>\n\n\n\n<h2 class=\"wp-block-heading has-text-align-center\">New in store<\/h2>\n\n\n<div data-block-name=\"woocommerce\/product-new\" data-columns=\"4\" data-rows=\"1\" class=\"wc-block-grid wp-block-product-new wp-block-woocommerce-product-new wc-block-product-new has-4-columns\"><ul class=\"wc-block-grid__products\"><li class=\"wc-block-grid__product\">\n\t\t\t\t<a href=\"https:\/\/sgs-quincaillerie.tn\/?product=disque-diamant-a-poncer-180mm-a-double-rangee-cg1900w-bihui\" class=\"wc-block-grid__product-link\">\n\t\t\t\t\t\n\t\t\t\t\t<div class=\"wc-block-grid__product-image\"><img fetchpriority=\"high\" decoding=\"async\" width=\"300\" height=\"300\" src=\"https:\/\/sgs-quincaillerie.tn\/wp-content\/uploads\/2026\/03\/Diapositive1-64-300x300.jpg\" class=\"attachment-woocommerce_thumbnail size-woocommerce_thumbnail\" alt=\"Disque diamant \u00e0 Poncer  180mm \u00e0 double rang\u00e9e \u2013 CG1900W | BIHUI\" srcset=\"https:\/\/sgs-quincaillerie.tn\/wp-content\/uploads\/2026\/03\/Diapositive1-64-300x300.jpg 300w, https:\/\/sgs-quincaillerie.tn\/wp-content\/uploads\/2026\/03\/Diapositive1-64-150x150.jpg 150w, https:\/\/sgs-quincaillerie.tn\/wp-content\/uploads\/2026\/03\/Diapositive1-64-100x100.jpg 100w\" sizes=\"(max-width: 300px) 100vw, 300px\" \/><\/div>\n\t\t\t\t\t<div class=\"wc-block-grid__product-title\">Disque diamant \u00e0 Poncer  180mm \u00e0 double rang\u00e9e \u2013 CG1900W | BIHUI<\/div>\n\t\t\t\t<\/a>\n\t\t\t\t<div class=\"wc-block-grid__product-price price\"><span class=\"woocommerce-Price-amount amount\"><span class=\"woocommerce-Price-currencySymbol\">&#x62f;.&#x62a;<\/span>&nbsp;110,000<\/span><\/div>\n\t\t\t\t\n\t\t\t\t<div class=\"wp-block-button wc-block-grid__product-add-to-cart\"><a href=\"\/index.php?rest_route=%2Fwp%2Fv2%2Fpages%2F58&#038;add-to-cart=4556\" aria-label=\"Ajouter au panier\u00a0: &ldquo;Disque diamant \u00e0 Poncer  180mm \u00e0 double rang\u00e9e \u2013 CG1900W | BIHUI&rdquo;\" data-quantity=\"1\" data-product_id=\"4556\" data-product_sku=\"\" data-price=\"110\" rel=\"nofollow\" class=\"wp-block-button__link  add_to_cart_button ajax_add_to_cart\">Ajouter au panier<\/a><\/div>\n\t\t\t<\/li><li class=\"wc-block-grid__product\">\n\t\t\t\t<a href=\"https:\/\/sgs-quincaillerie.tn\/?product=couteau-americain-inox-38mm-ptt15-bihui\" class=\"wc-block-grid__product-link\">\n\t\t\t\t\t\n\t\t\t\t\t<div class=\"wc-block-grid__product-image\"><img decoding=\"async\" width=\"300\" height=\"300\" src=\"https:\/\/sgs-quincaillerie.tn\/wp-content\/uploads\/2026\/03\/Diapositive1-59-300x300.jpg\" class=\"attachment-woocommerce_thumbnail size-woocommerce_thumbnail\" alt=\"Couteau americain inox 38mm - PTT15 | BIHUI\" srcset=\"https:\/\/sgs-quincaillerie.tn\/wp-content\/uploads\/2026\/03\/Diapositive1-59-300x300.jpg 300w, https:\/\/sgs-quincaillerie.tn\/wp-content\/uploads\/2026\/03\/Diapositive1-59-150x150.jpg 150w, https:\/\/sgs-quincaillerie.tn\/wp-content\/uploads\/2026\/03\/Diapositive1-59-100x100.jpg 100w\" sizes=\"(max-width: 300px) 100vw, 300px\" \/><\/div>\n\t\t\t\t\t<div class=\"wc-block-grid__product-title\">Couteau americain inox 38mm &#8211; PTT15 | BIHUI<\/div>\n\t\t\t\t<\/a>\n\t\t\t\t<div class=\"wc-block-grid__product-price price\"><span class=\"woocommerce-Price-amount amount\"><span class=\"woocommerce-Price-currencySymbol\">&#x62f;.&#x62a;<\/span>&nbsp;10,700<\/span><\/div>\n\t\t\t\t\n\t\t\t\t<div class=\"wp-block-button wc-block-grid__product-add-to-cart\"><a href=\"\/index.php?rest_route=%2Fwp%2Fv2%2Fpages%2F58&#038;add-to-cart=4519\" aria-label=\"Ajouter au panier\u00a0: &ldquo;Couteau americain inox 38mm - PTT15 | BIHUI&rdquo;\" data-quantity=\"1\" data-product_id=\"4519\" data-product_sku=\"\" data-price=\"10.7\" rel=\"nofollow\" class=\"wp-block-button__link  add_to_cart_button ajax_add_to_cart\">Ajouter au panier<\/a><\/div>\n\t\t\t<\/li><li class=\"wc-block-grid__product\">\n\t\t\t\t<a href=\"https:\/\/sgs-quincaillerie.tn\/?product=couteau-multifonctions-inox-65mm-ptt5n1-bihui\" class=\"wc-block-grid__product-link\">\n\t\t\t\t\t\n\t\t\t\t\t<div class=\"wc-block-grid__product-image\"><img decoding=\"async\" width=\"300\" height=\"300\" src=\"https:\/\/sgs-quincaillerie.tn\/wp-content\/uploads\/2026\/03\/Diapositive1-56-300x300.jpg\" class=\"attachment-woocommerce_thumbnail size-woocommerce_thumbnail\" alt=\"Couteau multifonctions inox 65mm - PTT5N1 | BIHUI\" srcset=\"https:\/\/sgs-quincaillerie.tn\/wp-content\/uploads\/2026\/03\/Diapositive1-56-300x300.jpg 300w, https:\/\/sgs-quincaillerie.tn\/wp-content\/uploads\/2026\/03\/Diapositive1-56-150x150.jpg 150w, https:\/\/sgs-quincaillerie.tn\/wp-content\/uploads\/2026\/03\/Diapositive1-56-100x100.jpg 100w\" sizes=\"(max-width: 300px) 100vw, 300px\" \/><\/div>\n\t\t\t\t\t<div class=\"wc-block-grid__product-title\">Couteau multifonctions inox 65mm &#8211; PTT5N1 | BIHUI<\/div>\n\t\t\t\t<\/a>\n\t\t\t\t<div class=\"wc-block-grid__product-price price\"><span class=\"woocommerce-Price-amount amount\"><span class=\"woocommerce-Price-currencySymbol\">&#x62f;.&#x62a;<\/span>&nbsp;12,300<\/span><\/div>\n\t\t\t\t\n\t\t\t\t<div class=\"wp-block-button wc-block-grid__product-add-to-cart\"><a href=\"\/index.php?rest_route=%2Fwp%2Fv2%2Fpages%2F58&#038;add-to-cart=4515\" aria-label=\"Ajouter au panier\u00a0: &ldquo;Couteau multifonctions inox 65mm - PTT5N1 | BIHUI&rdquo;\" data-quantity=\"1\" data-product_id=\"4515\" data-product_sku=\"\" data-price=\"12.3\" rel=\"nofollow\" class=\"wp-block-button__link  add_to_cart_button ajax_add_to_cart\">Ajouter au panier<\/a><\/div>\n\t\t\t<\/li><li class=\"wc-block-grid__product\">\n\t\t\t\t<a href=\"https:\/\/sgs-quincaillerie.tn\/?product=taloche-dentee-inox-120x280mm-3-2x3-2mm-manche-2k-ptsb03-bihui\" class=\"wc-block-grid__product-link\">\n\t\t\t\t\t\n\t\t\t\t\t<div class=\"wc-block-grid__product-image\"><img loading=\"lazy\" decoding=\"async\" width=\"300\" height=\"300\" src=\"https:\/\/sgs-quincaillerie.tn\/wp-content\/uploads\/2026\/03\/Diapositive1-54-300x300.jpg\" class=\"attachment-woocommerce_thumbnail size-woocommerce_thumbnail\" alt=\"Taloche dent\u00e9e inox 120X280mm  3.2X3.2mm, Manche 2K - PTSB03 | BIHUI\" srcset=\"https:\/\/sgs-quincaillerie.tn\/wp-content\/uploads\/2026\/03\/Diapositive1-54-300x300.jpg 300w, https:\/\/sgs-quincaillerie.tn\/wp-content\/uploads\/2026\/03\/Diapositive1-54-150x150.jpg 150w, https:\/\/sgs-quincaillerie.tn\/wp-content\/uploads\/2026\/03\/Diapositive1-54-100x100.jpg 100w\" sizes=\"(max-width: 300px) 100vw, 300px\" \/><\/div>\n\t\t\t\t\t<div class=\"wc-block-grid__product-title\">Taloche dent\u00e9e inox 120X280mm  3.2X3.2mm, Manche 2K &#8211; PTSB03 | BIHUI<\/div>\n\t\t\t\t<\/a>\n\t\t\t\t<div class=\"wc-block-grid__product-price price\"><span class=\"woocommerce-Price-amount amount\"><span class=\"woocommerce-Price-currencySymbol\">&#x62f;.&#x62a;<\/span>&nbsp;24,000<\/span><\/div>\n\t\t\t\t\n\t\t\t\t<div class=\"wp-block-button wc-block-grid__product-add-to-cart\"><a href=\"\/index.php?rest_route=%2Fwp%2Fv2%2Fpages%2F58&#038;add-to-cart=4511\" aria-label=\"Ajouter au panier\u00a0: &ldquo;Taloche dent\u00e9e inox 120X280mm  3.2X3.2mm, Manche 2K - PTSB03 | BIHUI&rdquo;\" data-quantity=\"1\" data-product_id=\"4511\" data-product_sku=\"\" data-price=\"24\" rel=\"nofollow\" class=\"wp-block-button__link  add_to_cart_button ajax_add_to_cart\">Ajouter au panier<\/a><\/div>\n\t\t\t<\/li><\/ul><\/div><\/div>\n<\/div>\n","protected":false},"excerpt":{"rendered":"","protected":false},"author":1,"featured_media":0,"parent":0,"menu_order":0,"comment_status":"closed","ping_status":"closed","template":"","meta":{"footnotes":""},"class_list":["post-58","page","type-page","status-publish","hentry"],"yoast_head":"<!-- This site is optimized with the Yoast SEO plugin v27.3 - https:\/\/yoast.com\/product\/yoast-seo-wordpress\/ -->\n<title>Cart - sgs-quincaillerie.tn<\/title>\n<meta name=\"robots\" content=\"index, follow, max-snippet:-1, max-image-preview:large, max-video-preview:-1\" \/>\n<link rel=\"canonical\" href=\"https:\/\/sgs-quincaillerie.tn\/?page_id=58\" \/>\n<meta property=\"og:locale\" content=\"fr_FR\" \/>\n<meta property=\"og:type\" content=\"article\" \/>\n<meta property=\"og:title\" content=\"Cart - sgs-quincaillerie.tn\" \/>\n<meta property=\"og:url\" content=\"https:\/\/sgs-quincaillerie.tn\/?page_id=58\" \/>\n<meta property=\"og:site_name\" content=\"sgs-quincaillerie.tn\" \/>\n<meta name=\"twitter:card\" content=\"summary_large_image\" \/>\n<script type=\"application\/ld+json\" class=\"yoast-schema-graph\">{\"@context\":\"https:\\\/\\\/schema.org\",\"@graph\":[{\"@type\":\"WebPage\",\"@id\":\"https:\\\/\\\/sgs-quincaillerie.tn\\\/?page_id=58\",\"url\":\"https:\\\/\\\/sgs-quincaillerie.tn\\\/?page_id=58\",\"name\":\"Cart - sgs-quincaillerie.tn\",\"isPartOf\":{\"@id\":\"https:\\\/\\\/sgs-quincaillerie.tn\\\/#website\"},\"datePublished\":\"2025-03-06T20:09:03+00:00\",\"breadcrumb\":{\"@id\":\"https:\\\/\\\/sgs-quincaillerie.tn\\\/?page_id=58#breadcrumb\"},\"inLanguage\":\"fr-FR\",\"potentialAction\":[{\"@type\":\"ReadAction\",\"target\":[\"https:\\\/\\\/sgs-quincaillerie.tn\\\/?page_id=58\"]}]},{\"@type\":\"BreadcrumbList\",\"@id\":\"https:\\\/\\\/sgs-quincaillerie.tn\\\/?page_id=58#breadcrumb\",\"itemListElement\":[{\"@type\":\"ListItem\",\"position\":1,\"name\":\"Home\",\"item\":\"https:\\\/\\\/sgs-quincaillerie.tn\\\/\"},{\"@type\":\"ListItem\",\"position\":2,\"name\":\"Cart\"}]},{\"@type\":\"WebSite\",\"@id\":\"https:\\\/\\\/sgs-quincaillerie.tn\\\/#website\",\"url\":\"https:\\\/\\\/sgs-quincaillerie.tn\\\/\",\"name\":\"sgs-quincaillerie.tn\",\"description\":\"\",\"potentialAction\":[{\"@type\":\"SearchAction\",\"target\":{\"@type\":\"EntryPoint\",\"urlTemplate\":\"https:\\\/\\\/sgs-quincaillerie.tn\\\/?s={search_term_string}\"},\"query-input\":{\"@type\":\"PropertyValueSpecification\",\"valueRequired\":true,\"valueName\":\"search_term_string\"}}],\"inLanguage\":\"fr-FR\"}]}<\/script>\n<!-- \/ Yoast SEO plugin. -->","yoast_head_json":{"title":"Cart - sgs-quincaillerie.tn","robots":{"index":"index","follow":"follow","max-snippet":"max-snippet:-1","max-image-preview":"max-image-preview:large","max-video-preview":"max-video-preview:-1"},"canonical":"https:\/\/sgs-quincaillerie.tn\/?page_id=58","og_locale":"fr_FR","og_type":"article","og_title":"Cart - sgs-quincaillerie.tn","og_url":"https:\/\/sgs-quincaillerie.tn\/?page_id=58","og_site_name":"sgs-quincaillerie.tn","twitter_card":"summary_large_image","schema":{"@context":"https:\/\/schema.org","@graph":[{"@type":"WebPage","@id":"https:\/\/sgs-quincaillerie.tn\/?page_id=58","url":"https:\/\/sgs-quincaillerie.tn\/?page_id=58","name":"Cart - sgs-quincaillerie.tn","isPartOf":{"@id":"https:\/\/sgs-quincaillerie.tn\/#website"},"datePublished":"2025-03-06T20:09:03+00:00","breadcrumb":{"@id":"https:\/\/sgs-quincaillerie.tn\/?page_id=58#breadcrumb"},"inLanguage":"fr-FR","potentialAction":[{"@type":"ReadAction","target":["https:\/\/sgs-quincaillerie.tn\/?page_id=58"]}]},{"@type":"BreadcrumbList","@id":"https:\/\/sgs-quincaillerie.tn\/?page_id=58#breadcrumb","itemListElement":[{"@type":"ListItem","position":1,"name":"Home","item":"https:\/\/sgs-quincaillerie.tn\/"},{"@type":"ListItem","position":2,"name":"Cart"}]},{"@type":"WebSite","@id":"https:\/\/sgs-quincaillerie.tn\/#website","url":"https:\/\/sgs-quincaillerie.tn\/","name":"sgs-quincaillerie.tn","description":"","potentialAction":[{"@type":"SearchAction","target":{"@type":"EntryPoint","urlTemplate":"https:\/\/sgs-quincaillerie.tn\/?s={search_term_string}"},"query-input":{"@type":"PropertyValueSpecification","valueRequired":true,"valueName":"search_term_string"}}],"inLanguage":"fr-FR"}]}},"_links":{"self":[{"href":"https:\/\/sgs-quincaillerie.tn\/index.php?rest_route=\/wp\/v2\/pages\/58","targetHints":{"allow":["GET"]}}],"collection":[{"href":"https:\/\/sgs-quincaillerie.tn\/index.php?rest_route=\/wp\/v2\/pages"}],"about":[{"href":"https:\/\/sgs-quincaillerie.tn\/index.php?rest_route=\/wp\/v2\/types\/page"}],"author":[{"embeddable":true,"href":"https:\/\/sgs-quincaillerie.tn\/index.php?rest_route=\/wp\/v2\/users\/1"}],"replies":[{"embeddable":true,"href":"https:\/\/sgs-quincaillerie.tn\/index.php?rest_route=%2Fwp%2Fv2%2Fcomments&post=58"}],"version-history":[{"count":0,"href":"https:\/\/sgs-quincaillerie.tn\/index.php?rest_route=\/wp\/v2\/pages\/58\/revisions"}],"wp:attachment":[{"href":"https:\/\/sgs-quincaillerie.tn\/index.php?rest_route=%2Fwp%2Fv2%2Fmedia&parent=58"}],"curies":[{"name":"wp","href":"https:\/\/api.w.org\/{rel}","templated":true}]}}